{"id":27,"date":"2018-03-07T11:35:03","date_gmt":"2018-03-07T11:35:03","guid":{"rendered":"http:\/\/www.hondaplazahaldiz.com\/?page_id=27"},"modified":"2018-03-07T11:35:03","modified_gmt":"2018-03-07T11:35:03","slug":"hakkimizda","status":"publish","type":"page","link":"https:\/\/www.hondaplazahaldiz.com\/?page_id=27","title":{"rendered":"HAKKIMIZDA"},"content":{"rendered":"<p><img loading=\"lazy\" decoding=\"async\" class=\"alignnone size-large wp-image-28\" src=\"https:\/\/www.hondaplazahaldiz.com\/wp-content\/uploads\/2018\/03\/plaza-1-1024x683.jpg\" alt=\"\" width=\"1024\" height=\"683\" srcset=\"https:\/\/www.hondaplazahaldiz.com\/wp-content\/uploads\/2018\/03\/plaza-1-1024x683.jpg 1024w, https:\/\/www.hondaplazahaldiz.com\/wp-content\/uploads\/2018\/03\/plaza-1-300x200.jpg 300w, https:\/\/www.hondaplazahaldiz.com\/wp-content\/uploads\/2018\/03\/plaza-1-768x512.jpg 768w, https:\/\/www.hondaplazahaldiz.com\/wp-content\/uploads\/2018\/03\/plaza-1-660x440.jpg 660w, https:\/\/www.hondaplazahaldiz.com\/wp-content\/uploads\/2018\/03\/plaza-1-450x300.jpg 450w, https:\/\/www.hondaplazahaldiz.com\/wp-content\/uploads\/2018\/03\/plaza-1.jpg 1575w\" sizes=\"(max-width: 1024px) 100vw, 1024px\" \/><\/p>\n<p>1 Kas\u0131m 1997 y\u0131l\u0131nda Outlet Center kar\u015f\u0131s\u0131nda a\u00e7\u0131lan Honda Plaza, 15 y\u0131l Sanayici bir aile olan Uzuner ailesi taraf\u0131ndan i\u015fletildikten sonra, 1 Haziran 2012 tarihinden itibaren Hald\u0131z grubuna ge\u00e7ti. Hald\u0131zlar \u0130n\u015faat Otomotiv \u015firketinin, Otomotiv sekt\u00f6r\u00fcnde b\u00fcy\u00fcme ve yat\u0131r\u0131m kararlar\u0131n\u0131 Honda bayili\u011fini de almas\u0131yla ilimizde ki \u00fc\u00e7 markan\u0131n da sat\u0131\u015f, servis, yedek par\u00e7a hizmetlerini b\u00fcnyesinde toplam\u0131\u015f oldu. Hald\u0131z grubun ana i\u015ftikal konusu in\u015faat olmas\u0131na ra\u011fmen Hald\u0131z ailesinin Otomobile olan meraklar\u0131 bu y\u00f6nde yat\u0131r\u0131m yapmalar\u0131na \u00f6nderlik etmektedir. Honda Plaza Hald\u0131z 1997 y\u0131l\u0131ndan beri \u00e7ok b\u00fcy\u00fck ba\u015far\u0131lara imza atm\u0131\u015f, yeti\u015fmi\u015f uzman personelin tamam\u0131n\u0131n kendi b\u00fcnyesine transfer ederek ekibi da\u011f\u0131tmadan Honda marka otomobillere ayn\u0131 hizmeti s\u00fcrd\u00fcrmeye devam etmektedir. Hald\u0131z \u0130n\u015faat Ulusal \u00e7apta b\u00fcy\u00fck projelere imza atmakta olup devam eden onlarca in\u015faat, taahh\u00fct, HES, Otel ve Hastane projeleri devam etmektedir. \u0130limizde \u00fc\u00e7 otomobil markas\u0131n\u0131n temsilcili\u011fini y\u00fcr\u00fctmekte olan Hald\u0131z ailesi \u015firketler aras\u0131 i\u015fbirli\u011fini art\u0131rmak suretiyle sinerji yaratarak Kocaeli halk\u0131na en iyi hizmeti\u00a0vermeye \u00e7al\u0131\u015fmaktad\u0131r.<\/p>\n","protected":false},"excerpt":{"rendered":"<p>1 Kas\u0131m 1997 y\u0131l\u0131nda Outlet Center kar\u015f\u0131s\u0131nda a\u00e7\u0131lan Honda Plaza, 15 y\u0131l Sanayici bir aile olan Uzuner ailesi taraf\u0131ndan i\u015fletildikten sonra, 1 Haziran 2012 tarihinden itibaren Hald\u0131z grubuna ge\u00e7ti. Hald\u0131zlar [&hellip;]<\/p>\n","protected":false},"author":1,"featured_media":0,"parent":0,"menu_order":0,"comment_status":"closed","ping_status":"closed","template":"","meta":{"footnotes":""},"_links":{"self":[{"href":"https:\/\/www.hondaplazahaldiz.com\/index.php?rest_route=\/wp\/v2\/pages\/27"}],"collection":[{"href":"https:\/\/www.hondaplazahaldiz.com\/index.php?rest_route=\/wp\/v2\/pages"}],"about":[{"href":"https:\/\/www.hondaplazahaldiz.com\/index.php?rest_route=\/wp\/v2\/types\/page"}],"author":[{"embeddable":true,"href":"https:\/\/www.hondaplazahaldiz.com\/index.php?rest_route=\/wp\/v2\/users\/1"}],"replies":[{"embeddable":true,"href":"https:\/\/www.hondaplazahaldiz.com\/index.php?rest_route=%2Fwp%2Fv2%2Fcomments&post=27"}],"version-history":[{"count":1,"href":"https:\/\/www.hondaplazahaldiz.com\/index.php?rest_route=\/wp\/v2\/pages\/27\/revisions"}],"predecessor-version":[{"id":29,"href":"https:\/\/www.hondaplazahaldiz.com\/index.php?rest_route=\/wp\/v2\/pages\/27\/revisions\/29"}],"wp:attachment":[{"href":"https:\/\/www.hondaplazahaldiz.com\/index.php?rest_route=%2Fwp%2Fv2%2Fmedia&parent=27"}],"curies":[{"name":"wp","href":"https:\/\/api.w.org\/{rel}","templated":true}]}}