{"id":25,"date":"2018-03-07T11:31:54","date_gmt":"2018-03-07T11:31:54","guid":{"rendered":"http:\/\/www.hondaplazahaldiz.com\/?page_id=25"},"modified":"2018-03-07T12:02:30","modified_gmt":"2018-03-07T12:02:30","slug":"iletisim","status":"publish","type":"page","link":"https:\/\/www.hondaplazahaldiz.com\/?page_id=25","title":{"rendered":"\u0130LET\u0130\u015e\u0130M"},"content":{"rendered":"<h3>Honda Plaza\u00a0Hald\u0131z<\/h3>\n<table>\n<tbody>\n<tr>\n<td colspan=\"2\" valign=\"top\">Sanayi Mah. \u00d6mer T\u00fcrk\u00e7akal Blok No:33 41100 &#8211; Merkez &#8211; Kocaeli<\/td>\n<\/tr>\n<tr>\n<td>Tel :<\/td>\n<td><a href=\"tel:262 3353705\">0262 3353705<\/a><\/td>\n<\/tr>\n<tr>\n<td>Faks :<\/td>\n<td>0262 3353709<\/td>\n<\/tr>\n<tr>\n<td>E-Mail :<\/td>\n<td>honda@haldiz.com.tr<\/td>\n<\/tr>\n<\/tbody>\n<\/table>\n<p>&nbsp;<\/p>\n<p><iframe loading=\"lazy\" style=\"border: 0;\" src=\"https:\/\/www.google.com\/maps\/embed?pb=!1m14!1m8!1m3!1d6044.597908661615!2d29.947974!3d40.755449!3m2!1i1024!2i768!4f13.1!3m3!1m2!1s0x0%3A0x4529443643f590b7!2sHonda+Plaza+Hald%C4%B1z!5e0!3m2!1str!2sus!4v1520423847605\" width=\"600\" height=\"450\" frameborder=\"0\" allowfullscreen=\"allowfullscreen\"><\/iframe><\/p>\n","protected":false},"excerpt":{"rendered":"<p>Honda Plaza\u00a0Hald\u0131z Sanayi Mah. \u00d6mer T\u00fcrk\u00e7akal Blok No:33 41100 &#8211; Merkez &#8211; Kocaeli Tel : 0262 3353705 Faks : 0262 3353709 E-Mail : honda@haldiz.com.tr &nbsp;<\/p>\n","protected":false},"author":1,"featured_media":0,"parent":0,"menu_order":0,"comment_status":"closed","ping_status":"closed","template":"","meta":{"footnotes":""},"_links":{"self":[{"href":"https:\/\/www.hondaplazahaldiz.com\/index.php?rest_route=\/wp\/v2\/pages\/25"}],"collection":[{"href":"https:\/\/www.hondaplazahaldiz.com\/index.php?rest_route=\/wp\/v2\/pages"}],"about":[{"href":"https:\/\/www.hondaplazahaldiz.com\/index.php?rest_route=\/wp\/v2\/types\/page"}],"author":[{"embeddable":true,"href":"https:\/\/www.hondaplazahaldiz.com\/index.php?rest_route=\/wp\/v2\/users\/1"}],"replies":[{"embeddable":true,"href":"https:\/\/www.hondaplazahaldiz.com\/index.php?rest_route=%2Fwp%2Fv2%2Fcomments&post=25"}],"version-history":[{"count":3,"href":"https:\/\/www.hondaplazahaldiz.com\/index.php?rest_route=\/wp\/v2\/pages\/25\/revisions"}],"predecessor-version":[{"id":49,"href":"https:\/\/www.hondaplazahaldiz.com\/index.php?rest_route=\/wp\/v2\/pages\/25\/revisions\/49"}],"wp:attachment":[{"href":"https:\/\/www.hondaplazahaldiz.com\/index.php?rest_route=%2Fwp%2Fv2%2Fmedia&parent=25"}],"curies":[{"name":"wp","href":"https:\/\/api.w.org\/{rel}","templated":true}]}}